{"id":158,"date":"2026-04-06T21:46:37","date_gmt":"2026-04-06T21:46:37","guid":{"rendered":"https:\/\/transalvarado.cl\/wpa\/?page_id=158"},"modified":"2026-04-07T15:17:12","modified_gmt":"2026-04-07T15:17:12","slug":"servicios","status":"publish","type":"page","link":"https:\/\/transalvarado.cl\/wpa\/servicios\/","title":{"rendered":"Servicios"},"content":{"rendered":"<div data-colibri-id=\"158-c1\" class=\"style-462 style-local-158-c1 position-relative\">\n  <!---->\n  <div data-colibri-component=\"section\" data-colibri-id=\"158-c2\" id=\"content\" class=\"h-section h-section-global-spacing d-flex align-items-lg-center align-items-md-center align-items-center style-463 style-local-158-c2 position-relative\">\n    <!---->\n    <!---->\n    <div class=\"h-section-grid-container h-section-boxed-container\">\n      <!---->\n      <div data-colibri-id=\"158-c3\" class=\"h-row-container gutters-row-lg-2 gutters-row-md-2 gutters-row-2 gutters-row-v-lg-2 gutters-row-v-md-2 gutters-row-v-2 style-464 style-local-158-c3 position-relative\">\n        <!---->\n        <div class=\"h-row justify-content-lg-center justify-content-md-center justify-content-center align-items-lg-stretch align-items-md-stretch align-items-stretch gutters-col-lg-2 gutters-col-md-2 gutters-col-2 gutters-col-v-lg-2 gutters-col-v-md-2 gutters-col-v-2\">\n          <!---->\n          <div class=\"h-column h-column-container d-flex h-col-lg-auto h-col-md-auto h-col-auto style-465-outer style-local-158-c4-outer\">\n            <div data-colibri-id=\"158-c4\" class=\"d-flex h-flex-basis h-column__inner h-px-lg-0 h-px-md-0 h-px-2 v-inner-lg-0 v-inner-md-0 v-inner-2 style-465 style-local-158-c4 position-relative\">\n              <!---->\n              <!---->\n              <div class=\"w-100 h-y-container h-column__content h-column__v-align flex-basis-100 align-self-lg-center align-self-md-center align-self-center\">\n                <!---->\n                <div data-colibri-id=\"158-c5\" class=\"h-global-transition-all h-heading style-466 style-local-158-c5 position-relative h-element\">\n                  <!---->\n                  <div class=\"h-heading__outer style-466 style-local-158-c5\">\n                    <!---->\n                    <!---->\n                    <h3 class=\"\">Transporte<\/h3>\n                  <\/div>\n                <\/div>\n                <div data-colibri-id=\"158-c6\" class=\"h-text h-text-component style-467 style-local-158-c6 position-relative h-element\">\n                  <!---->\n                  <!---->\n                  <div class=\"\">\n                    <p>Ofrecemos servicios de transporte de carga a nivel nacional, conectando los principales puertos con distintos destinos del pa\u00eds. Operamos con una flota de m\u00e1s de 50 camiones, garantizando traslados seguros, puntuales y eficientes,\n                      adaptados a las necesidades de cada cliente.<\/p>\n                  <\/div>\n                <\/div>\n                <div data-colibri-id=\"158-c7\" class=\"h-x-container style-468 style-local-158-c7 position-relative h-element\">\n                  <!---->\n                  <div class=\"h-x-container-inner style-dynamic-158-c7-group style-468-spacing style-local-158-c7-spacing\"><span class=\"h-button__outer style-469-outer style-local-158-c8-outer d-inline-flex h-element\"><a h-use-smooth-scroll=\"true\" href=\"https:\/\/transalvarado.cl\/wpa\/transporte\/\"  data-colibri-id=\"158-c8\" class=\"d-flex w-100 align-items-center h-button justify-content-lg-center justify-content-md-center justify-content-center style-469 style-local-158-c8 position-relative\"><!----><!----> <span>Ir a transporte<\/span><\/a>\n                    <\/span>\n                  <\/div>\n                <\/div>\n              <\/div>\n            <\/div>\n          <\/div>\n          <div class=\"h-column h-column-container d-flex h-col-lg-auto h-col-md-auto h-col-auto style-470-outer style-local-158-c9-outer\">\n            <div data-colibri-id=\"158-c9\" class=\"d-flex h-flex-basis h-column__inner h-px-lg-0 h-px-md-2 h-px-0 v-inner-lg-0 v-inner-md-2 v-inner-0 style-470 style-local-158-c9 position-relative\">\n              <!---->\n              <!---->\n              <div class=\"w-100 h-y-container h-column__content h-column__v-align flex-basis-100 align-self-lg-center align-self-md-center align-self-center\">\n                <!---->\n                <div data-colibri-id=\"158-c10\" class=\"d-block style-471 style-local-158-c10 position-relative h-element\">\n                  <!---->\n                  <div class=\"h-image__frame-container-outer\">\n                    <div class=\"h-image__frame-container\">\n                      <!---->\n                      <!---->\n                      <img loading=\"lazy\" decoding=\"async\" width=\"904\" height=\"632\" src=\"https:\/\/transalvarado.cl\/wpa\/wp-content\/uploads\/2026\/04\/Captura-de-pantalla-2026-03-26-111210.png\" class=\"wp-image-182 style-471-image style-local-158-c10-image\" alt=\"\" srcset=\"https:\/\/transalvarado.cl\/wpa\/wp-content\/uploads\/2026\/04\/Captura-de-pantalla-2026-03-26-111210.png 904w, https:\/\/transalvarado.cl\/wpa\/wp-content\/uploads\/2026\/04\/Captura-de-pantalla-2026-03-26-111210-300x210.png 300w, https:\/\/transalvarado.cl\/wpa\/wp-content\/uploads\/2026\/04\/Captura-de-pantalla-2026-03-26-111210-768x537.png 768w\" sizes=\"auto, (max-width: 904px) 100vw, 904px\" \/>\n                      <div class=\"h-image__frame h-hide-sm style-471-frameImage style-local-158-c10-frameImage\"><\/div>\n                    <\/div>\n                  <\/div>\n                <\/div>\n              <\/div>\n            <\/div>\n          <\/div>\n        <\/div>\n      <\/div>\n    <\/div>\n  <\/div>\n  <div data-colibri-component=\"section\" data-colibri-id=\"158-c11\" id=\"content-2\" class=\"h-section h-section-global-spacing d-flex align-items-lg-center align-items-md-center align-items-center style-472 style-local-158-c11 position-relative\">\n    <!---->\n    <!---->\n    <div class=\"h-section-grid-container h-section-boxed-container\">\n      <!---->\n      <div data-colibri-id=\"158-c12\" class=\"h-row-container gutters-row-lg-2 gutters-row-md-2 gutters-row-2 gutters-row-v-lg-2 gutters-row-v-md-2 gutters-row-v-2 style-473 style-local-158-c12 position-relative\">\n        <!---->\n        <div class=\"h-row justify-content-lg-center justify-content-md-center justify-content-center align-items-lg-stretch align-items-md-stretch align-items-stretch gutters-col-lg-2 gutters-col-md-2 gutters-col-2 gutters-col-v-lg-2 gutters-col-v-md-2 gutters-col-v-2\">\n          <!---->\n          <div class=\"h-column h-column-container d-flex h-col-lg-auto h-col-md-auto h-col-auto style-474-outer style-local-158-c13-outer\">\n            <div data-colibri-id=\"158-c13\" class=\"d-flex h-flex-basis h-column__inner h-px-lg-0 h-px-md-2 h-px-0 v-inner-lg-0 v-inner-md-2 v-inner-0 style-474 style-local-158-c13 position-relative\">\n              <!---->\n              <!---->\n              <div class=\"w-100 h-y-container h-column__content h-column__v-align flex-basis-100 align-self-lg-center align-self-md-center align-self-center\">\n                <!---->\n                <div data-colibri-id=\"158-c14\" class=\"d-block style-475 style-local-158-c14 position-relative h-element\">\n                  <!---->\n                  <div class=\"h-image__frame-container-outer\">\n                    <div class=\"h-image__frame-container\">\n                      <!---->\n                      <!---->\n                      <img loading=\"lazy\" decoding=\"async\" width=\"1067\" height=\"712\" src=\"https:\/\/transalvarado.cl\/wpa\/wp-content\/uploads\/2026\/04\/Captura-de-pantalla-2026-04-06-105930.png\" class=\"wp-image-285 style-475-image style-local-158-c14-image\" alt=\"\" srcset=\"https:\/\/transalvarado.cl\/wpa\/wp-content\/uploads\/2026\/04\/Captura-de-pantalla-2026-04-06-105930.png 1067w, https:\/\/transalvarado.cl\/wpa\/wp-content\/uploads\/2026\/04\/Captura-de-pantalla-2026-04-06-105930-300x200.png 300w, https:\/\/transalvarado.cl\/wpa\/wp-content\/uploads\/2026\/04\/Captura-de-pantalla-2026-04-06-105930-1024x683.png 1024w, https:\/\/transalvarado.cl\/wpa\/wp-content\/uploads\/2026\/04\/Captura-de-pantalla-2026-04-06-105930-768x512.png 768w\" sizes=\"auto, (max-width: 1067px) 100vw, 1067px\" \/>\n                      <div class=\"h-image__frame h-hide-sm style-475-frameImage style-local-158-c14-frameImage\"><\/div>\n                    <\/div>\n                  <\/div>\n                <\/div>\n              <\/div>\n            <\/div>\n          <\/div>\n          <div class=\"h-column h-column-container d-flex h-col-lg-auto h-col-md-auto h-col-auto style-476-outer style-local-158-c15-outer\">\n            <div data-colibri-id=\"158-c15\" class=\"d-flex h-flex-basis h-column__inner h-px-lg-0 h-px-md-0 h-px-2 v-inner-lg-0 v-inner-md-0 v-inner-2 style-476 style-local-158-c15 position-relative\">\n              <!---->\n              <!---->\n              <div class=\"w-100 h-y-container h-column__content h-column__v-align flex-basis-100 align-self-lg-center align-self-md-center align-self-center\">\n                <!---->\n                <div data-colibri-id=\"158-c16\" class=\"h-global-transition-all h-heading style-477 style-local-158-c16 position-relative h-element\">\n                  <!---->\n                  <div class=\"h-heading__outer style-477 style-local-158-c16\">\n                    <!---->\n                    <!---->\n                    <h3 class=\"\">Log\u00edstica<\/h3>\n                  <\/div>\n                <\/div>\n                <div data-colibri-id=\"158-c17\" class=\"h-text h-text-component style-478 style-local-158-c17 position-relative h-element\">\n                  <!---->\n                  <!---->\n                  <div class=\"\">\n                    <p>Brindamos soluciones log\u00edsticas integrales, coordinando de manera eficiente cada etapa del proceso, desde el origen hasta el destino. Nuestro enfoque est\u00e1 en optimizar tiempos, recursos y operaciones, asegurando continuidad y control\n                      en la gesti\u00f3n de la carga.<\/p>\n                  <\/div>\n                <\/div>\n                <div data-colibri-id=\"158-c18\" class=\"h-x-container style-479 style-local-158-c18 position-relative h-element\">\n                  <!---->\n                  <div class=\"h-x-container-inner style-dynamic-158-c18-group style-479-spacing style-local-158-c18-spacing\"><span class=\"h-button__outer style-480-outer style-local-158-c19-outer d-inline-flex h-element\"><a h-use-smooth-scroll=\"true\" href=\"https:\/\/transalvarado.cl\/wpa\/logistica-2\/\"  data-colibri-id=\"158-c19\" class=\"d-flex w-100 align-items-center h-button justify-content-lg-center justify-content-md-center justify-content-center style-480 style-local-158-c19 position-relative\"><!----><!----> <span>ir a log\u00edstica<\/span><\/a>\n                    <\/span>\n                  <\/div>\n                <\/div>\n              <\/div>\n            <\/div>\n          <\/div>\n        <\/div>\n      <\/div>\n    <\/div>\n  <\/div>\n  <div data-colibri-component=\"section\" data-colibri-id=\"158-c20\" id=\"content-3\" class=\"h-section h-section-global-spacing d-flex align-items-lg-center align-items-md-center align-items-center style-481 style-local-158-c20 position-relative\">\n    <!---->\n    <!---->\n    <div class=\"h-section-grid-container h-section-boxed-container\">\n      <!---->\n      <div data-colibri-id=\"158-c21\" class=\"h-row-container gutters-row-lg-2 gutters-row-md-2 gutters-row-2 gutters-row-v-lg-2 gutters-row-v-md-2 gutters-row-v-2 style-482 style-local-158-c21 position-relative\">\n        <!---->\n        <div class=\"h-row justify-content-lg-center justify-content-md-center justify-content-center align-items-lg-stretch align-items-md-stretch align-items-stretch gutters-col-lg-2 gutters-col-md-2 gutters-col-2 gutters-col-v-lg-2 gutters-col-v-md-2 gutters-col-v-2\">\n          <!---->\n          <div class=\"h-column h-column-container d-flex h-col-lg-auto h-col-md-auto h-col-auto style-483-outer style-local-158-c22-outer\">\n            <div data-colibri-id=\"158-c22\" class=\"d-flex h-flex-basis h-column__inner h-px-lg-0 h-px-md-0 h-px-2 v-inner-lg-0 v-inner-md-0 v-inner-2 style-483 style-local-158-c22 position-relative\">\n              <!---->\n              <!---->\n              <div class=\"w-100 h-y-container h-column__content h-column__v-align flex-basis-100 align-self-lg-center align-self-md-center align-self-center\">\n                <!---->\n                <div data-colibri-id=\"158-c23\" class=\"h-global-transition-all h-heading style-484 style-local-158-c23 position-relative h-element\">\n                  <!---->\n                  <div class=\"h-heading__outer style-484 style-local-158-c23\">\n                    <!---->\n                    <!---->\n                    <h3 class=\"\">Almacenaje<\/h3>\n                  <\/div>\n                <\/div>\n                <div data-colibri-id=\"158-c24\" class=\"h-text h-text-component style-485 style-local-158-c24 position-relative h-element\">\n                  <!---->\n                  <!---->\n                  <div class=\"\">\n                    <p>Contamos con amplias instalaciones en Casablanca y San Antonio, dise\u00f1adas para el almacenamiento seguro y eficiente de carga. Integramos servicios de consolidaci\u00f3n, desconsolidaci\u00f3n y distribuci\u00f3n, facilitando una gesti\u00f3n log\u00edstica\n                      completa en un solo lugar.<\/p>\n                  <\/div>\n                <\/div>\n                <div data-colibri-id=\"158-c25\" class=\"h-x-container style-486 style-local-158-c25 position-relative h-element\">\n                  <!---->\n                  <div class=\"h-x-container-inner style-dynamic-158-c25-group style-486-spacing style-local-158-c25-spacing\"><span class=\"h-button__outer style-487-outer style-local-158-c26-outer d-inline-flex h-element\"><a h-use-smooth-scroll=\"true\" href=\"https:\/\/transalvarado.cl\/wpa\/almacenaje\/\"  data-colibri-id=\"158-c26\" class=\"d-flex w-100 align-items-center h-button justify-content-lg-center justify-content-md-center justify-content-center style-487 style-local-158-c26 position-relative\"><!----><!----> <span>ir a almacenaje<\/span><\/a>\n                    <\/span>\n                  <\/div>\n                <\/div>\n              <\/div>\n            <\/div>\n          <\/div>\n          <div class=\"h-column h-column-container d-flex h-col-lg-auto h-col-md-auto h-col-auto style-488-outer style-local-158-c27-outer\">\n            <div data-colibri-id=\"158-c27\" class=\"d-flex h-flex-basis h-column__inner h-px-lg-0 h-px-md-2 h-px-0 v-inner-lg-0 v-inner-md-2 v-inner-0 style-488 style-local-158-c27 position-relative\">\n              <!---->\n              <!---->\n              <div class=\"w-100 h-y-container h-column__content h-column__v-align flex-basis-100 align-self-lg-center align-self-md-center align-self-center\">\n                <!---->\n                <div data-colibri-id=\"158-c28\" class=\"d-block style-489 style-local-158-c28 position-relative h-element\">\n                  <!---->\n                  <div class=\"h-image__frame-container-outer\">\n                    <div class=\"h-image__frame-container\">\n                      <!---->\n                      <!---->\n                      <img loading=\"lazy\" decoding=\"async\" width=\"1198\" height=\"1199\" src=\"https:\/\/transalvarado.cl\/wpa\/wp-content\/uploads\/2026\/04\/cropped-WhatsApp-Image-2026-04-02-at-4.26.23-PM-5.jpeg\" class=\"wp-image-274 style-489-image style-local-158-c28-image\" alt=\"\" srcset=\"https:\/\/transalvarado.cl\/wpa\/wp-content\/uploads\/2026\/04\/cropped-WhatsApp-Image-2026-04-02-at-4.26.23-PM-5.jpeg 1198w, https:\/\/transalvarado.cl\/wpa\/wp-content\/uploads\/2026\/04\/cropped-WhatsApp-Image-2026-04-02-at-4.26.23-PM-5-300x300.jpeg 300w, https:\/\/transalvarado.cl\/wpa\/wp-content\/uploads\/2026\/04\/cropped-WhatsApp-Image-2026-04-02-at-4.26.23-PM-5-1024x1024.jpeg 1024w, https:\/\/transalvarado.cl\/wpa\/wp-content\/uploads\/2026\/04\/cropped-WhatsApp-Image-2026-04-02-at-4.26.23-PM-5-150x150.jpeg 150w, https:\/\/transalvarado.cl\/wpa\/wp-content\/uploads\/2026\/04\/cropped-WhatsApp-Image-2026-04-02-at-4.26.23-PM-5-768x769.jpeg 768w\" sizes=\"auto, (max-width: 1198px) 100vw, 1198px\" \/>\n                      <div class=\"h-image__frame h-hide-sm style-489-frameImage style-local-158-c28-frameImage\"><\/div>\n                    <\/div>\n                  <\/div>\n                <\/div>\n              <\/div>\n            <\/div>\n          <\/div>\n        <\/div>\n      <\/div>\n    <\/div>\n  <\/div>\n<\/div>","protected":false},"excerpt":{"rendered":"<p>Transporte Ofrecemos servicios de transporte de carga a nivel nacional, conectando los principales puertos con distintos destinos del pa\u00eds. Operamos con una flota de m\u00e1s de 50 camiones, garantizando traslados seguros, puntuales y eficientes, adaptados a las necesidades de cada cliente. Ir a transporte Log\u00edstica Brindamos soluciones log\u00edsticas integrales, coordinando de manera eficiente cada etapa [&hellip;]<\/p>\n","protected":false},"author":1,"featured_media":0,"parent":0,"menu_order":0,"comment_status":"closed","ping_status":"closed","template":"page-templates\/full-width-page.php","meta":{"pagelayer_contact_templates":[],"_pagelayer_content":"","footnotes":""},"class_list":["post-158","page","type-page","status-publish","hentry"],"_links":{"self":[{"href":"https:\/\/transalvarado.cl\/wpa\/wp-json\/wp\/v2\/pages\/158","targetHints":{"allow":["GET"]}}],"collection":[{"href":"https:\/\/transalvarado.cl\/wpa\/wp-json\/wp\/v2\/pages"}],"about":[{"href":"https:\/\/transalvarado.cl\/wpa\/wp-json\/wp\/v2\/types\/page"}],"author":[{"embeddable":true,"href":"https:\/\/transalvarado.cl\/wpa\/wp-json\/wp\/v2\/users\/1"}],"replies":[{"embeddable":true,"href":"https:\/\/transalvarado.cl\/wpa\/wp-json\/wp\/v2\/comments?post=158"}],"version-history":[{"count":2,"href":"https:\/\/transalvarado.cl\/wpa\/wp-json\/wp\/v2\/pages\/158\/revisions"}],"predecessor-version":[{"id":346,"href":"https:\/\/transalvarado.cl\/wpa\/wp-json\/wp\/v2\/pages\/158\/revisions\/346"}],"wp:attachment":[{"href":"https:\/\/transalvarado.cl\/wpa\/wp-json\/wp\/v2\/media?parent=158"}],"curies":[{"name":"wp","href":"https:\/\/api.w.org\/{rel}","templated":true}]}}