{"id":162,"date":"2026-04-06T21:47:04","date_gmt":"2026-04-06T21:47:04","guid":{"rendered":"https:\/\/transalvarado.cl\/wpa\/?page_id=162"},"modified":"2026-04-07T14:10:46","modified_gmt":"2026-04-07T14:10:46","slug":"logistica-2","status":"publish","type":"page","link":"https:\/\/transalvarado.cl\/wpa\/logistica-2\/","title":{"rendered":"Log\u00edstica"},"content":{"rendered":"<div data-colibri-id=\"162-c1\" class=\"style-405 style-local-162-c1 position-relative\">\n  <!---->\n  <div data-colibri-component=\"section\" data-colibri-id=\"162-c2\" id=\"custom\" class=\"h-section h-section-global-spacing d-flex align-items-lg-center align-items-md-center align-items-center style-406 style-local-162-c2 position-relative\">\n    <!---->\n    <!---->\n    <div class=\"h-section-grid-container h-section-boxed-container\">\n      <!---->\n      <div data-colibri-id=\"162-c3\" class=\"h-row-container gutters-row-lg-2 gutters-row-md-2 gutters-row-0 gutters-row-v-lg-2 gutters-row-v-md-2 gutters-row-v-2 style-409 style-local-162-c3 position-relative\">\n        <!---->\n        <div class=\"h-row justify-content-lg-center justify-content-md-center justify-content-center align-items-lg-stretch align-items-md-stretch align-items-stretch gutters-col-lg-2 gutters-col-md-2 gutters-col-0 gutters-col-v-lg-2 gutters-col-v-md-2 gutters-col-v-2\">\n          <!---->\n          <div class=\"h-column h-column-container d-flex h-col-lg-auto h-col-md-auto h-col-auto style-410-outer style-local-162-c4-outer\">\n            <div data-colibri-id=\"162-c4\" class=\"d-flex h-flex-basis h-column__inner h-px-lg-2 h-px-md-2 h-px-2 v-inner-lg-2 v-inner-md-2 v-inner-2 style-410 style-local-162-c4 position-relative\">\n              <!---->\n              <!---->\n              <div class=\"w-100 h-y-container h-column__content h-column__v-align flex-basis-100 align-self-lg-start align-self-md-start align-self-start\">\n                <!---->\n                <div data-colibri-id=\"162-c5\" class=\"h-lead h-text h-text-component style-411 style-local-162-c5 position-relative h-element\">\n                  <!---->\n                  <!---->\n                  <div class=\"\">\n                    <p>Log\u00edstica<\/p>\n                  <\/div>\n                <\/div>\n                <div data-colibri-id=\"162-c8\" class=\"h-text h-text-component style-413 style-local-162-c8 position-relative h-element\">\n                  <!---->\n                  <!---->\n                  <div class=\"\">\n                    <p>En Transportes Alvarado ofrecemos soluciones log\u00edsticas integrales, orientadas a optimizar la gesti\u00f3n y el flujo de carga en cada etapa del proceso. Nuestro enfoque est\u00e1 en coordinar de manera eficiente los servicios de transporte,\n                      almacenaje y distribuci\u00f3n, asegurando continuidad operativa y cumplimiento en los tiempos establecidos.<\/p>\n                    <h3><strong>Gesti\u00f3n y control de operaciones<\/strong><\/h3>\n                    <p>Contamos con sistemas de monitoreo que permiten supervisar en tiempo real el estado y ubicaci\u00f3n de la carga, facilitando una gesti\u00f3n m\u00e1s precisa y una mejor toma de decisiones. Esto nos permite anticiparnos a posibles contingencias\n                      y asegurar un servicio confiable.<\/p>\n                    <h3><strong>Planificaci\u00f3n y optimizaci\u00f3n<\/strong><\/h3>\n                    <p>Desarrollamos una planificaci\u00f3n estrat\u00e9gica de rutas y operaciones, optimizando recursos, tiempos y costos. Nuestro equipo coordina cada proceso log\u00edstico de manera eficiente, adapt\u00e1ndose a los requerimientos espec\u00edficos de cada cliente.<\/p>\n                    <h3><strong>Ubicaci\u00f3n estrat\u00e9gica<\/strong><\/h3>\n                    <p>Operamos desde bases en Casablanca y San Antonio, lo que nos permite una conexi\u00f3n directa con los principales puertos del pa\u00eds, facilitando la gesti\u00f3n de carga y mejorando los tiempos de respuesta en cada operaci\u00f3n.<\/p>\n                    <h3><strong>Integraci\u00f3n de servicios<\/strong><\/h3>\n                    <p>Nuestra log\u00edstica se encuentra completamente integrada con nuestros servicios de transporte y almacenaje, permitiendo ofrecer una soluci\u00f3n completa en un solo lugar, simplificando la operaci\u00f3n de nuestros clientes.<\/p>\n                    <h2><strong>\u00bfPor qu\u00e9 elegirnos?<\/strong><\/h2>\n                    <ul>\n                      <li>Gesti\u00f3n log\u00edstica integral en un solo proveedor<\/li>\n                      <li>Monitoreo y control de carga en tiempo real<\/li>\n                      <li>Optimizaci\u00f3n de rutas, tiempos y recursos<\/li>\n                      <li>Ubicaci\u00f3n estrat\u00e9gica cercana a puertos<\/li>\n                      <li>Integraci\u00f3n con transporte y almacenaje<\/li>\n                      <li>Servicio eficiente, seguro y confiable<\/li>\n                    <\/ul>\n                    <p>\n                      <br>\n                    <\/p>\n                  <\/div>\n                <\/div>\n              <\/div>\n            <\/div>\n          <\/div>\n        <\/div>\n      <\/div>\n    <\/div>\n  <\/div>\n  <div data-colibri-component=\"section\" data-colibri-id=\"162-c9\" id=\"portfolio\" class=\"h-section h-section-global-spacing d-flex align-items-lg-center align-items-md-center align-items-center style-414 style-local-162-c9 position-relative\">\n    <!---->\n    <!---->\n    <div class=\"h-section-grid-container h-section-fluid-container\">\n      <!---->\n      <div data-colibri-id=\"162-c10\" class=\"h-row-container gutters-row-lg-0 gutters-row-md-0 gutters-row-0 gutters-row-v-lg-0 gutters-row-v-md-0 gutters-row-v-0 style-415 style-local-162-c10 position-relative\">\n        <!---->\n        <div class=\"h-row justify-content-lg-center justify-content-md-center justify-content-center align-items-lg-stretch align-items-md-stretch align-items-stretch gutters-col-lg-0 gutters-col-md-0 gutters-col-0 gutters-col-v-lg-0 gutters-col-v-md-0 gutters-col-v-0\">\n          <!---->\n          <div class=\"h-column h-column-container d-flex h-col-lg-3 h-col-md-3 h-col-12 style-416-outer style-local-162-c11-outer\">\n            <div data-colibri-id=\"162-c11\" class=\"d-flex h-flex-basis h-column__inner h-px-lg-0 h-px-md-0 h-px-0 v-inner-lg-0 v-inner-md-0 v-inner-0 style-416 style-local-162-c11 position-relative\">\n              <!---->\n              <!---->\n              <div class=\"w-100 h-y-container h-column__content h-column__v-align flex-basis-100 align-self-lg-start align-self-md-start align-self-start\">\n                <!---->\n                <div data-colibri-component=\"content-swap\" data-colibri-id=\"162-c12\" class=\"content-swap style-417 style-local-162-c12 position-relative h-element\">\n                  <!---->\n                  <div class=\"d-flex position-relative border-radius-inherit h-content-swap__overflow\">\n                    <div data-normal=\"\" data-colibri-id=\"162-c13\" class=\"h-content-swap__normal d-flex border-radius-inherit h-ui-empty-state-container hide-animation style-418 style-local-162-c13 position-relative\">\n                      <!---->\n                      <div class=\"w-100 h-y-container\">\n                        <!---->\n                      <\/div>\n                    <\/div>\n                    <div data-hover=\"\" data-colibri-component=\"link\" data-href=\"\" data-colibri-id=\"162-c14\" class=\"h-content-swap-hover-container animated h-content-swap__hover d-flex border-radius-inherit fadeIn justify-content-lg-center justify-content-md-center justify-content-center style-419 style-local-162-c14 position-relative\"\n                      style=\"display: none;\">\n                      <!---->\n                      <div class=\"w-100 h-y-container align-self-lg-center align-self-md-center align-self-center\">\n                        <!---->\n                        <div data-colibri-id=\"162-c15\" class=\"h-icon style-420 style-local-162-c15 position-relative h-element\">\n                          <!---->\n                          <a href=\"#\" h-use-smooth-scroll=\"true\"><span class=\"h-svg-icon h-icon__icon style-420-icon style-local-162-c15-icon\"><!--Icon by Icons8 Line Awesome (https:\/\/icons8.com\/line-awesome)--><svg version=\"1.1\" xmlns=\"http:\/\/www.w3.org\/2000\/svg\" xmlns:xlink=\"http:\/\/www.w3.org\/1999\/xlink\" id=\"search\" viewBox=\"0 0 512 545.5\"><path d=\"M304 80c88.176 0 160 71.824 160 160s-71.824 160-160 160c-38.32 0-73.41-13.423-101-36L75.5 491.5l-23-23L180 341c-22.577-27.59-36-62.68-36-101 0-88.176 71.824-160 160-160zm0 32c-70.882 0-128 57.118-128 128s57.118 128 128 128 128-57.118 128-128-57.118-128-128-128z\"><\/path><\/svg><\/span><\/a>\n                        <\/div>\n                      <\/div>\n                    <\/div>\n                  <\/div>\n                <\/div>\n              <\/div>\n            <\/div>\n          <\/div>\n          <div class=\"h-column h-column-container d-flex h-col-lg-3 h-col-md-3 h-col-12 style-416-outer style-local-162-c16-outer\">\n            <div data-colibri-id=\"162-c16\" class=\"d-flex h-flex-basis h-column__inner h-px-lg-0 h-px-md-0 h-px-0 v-inner-lg-0 v-inner-md-0 v-inner-0 style-416 style-local-162-c16 position-relative\">\n              <!---->\n              <!---->\n              <div class=\"w-100 h-y-container h-column__content h-column__v-align flex-basis-100 align-self-lg-start align-self-md-start align-self-start\">\n                <!---->\n                <div data-colibri-component=\"content-swap\" data-colibri-id=\"162-c17\" class=\"content-swap style-421 style-local-162-c17 position-relative h-element\">\n                  <!---->\n                  <div class=\"d-flex position-relative border-radius-inherit h-content-swap__overflow\">\n                    <div data-normal=\"\" data-colibri-id=\"162-c18\" class=\"h-content-swap__normal d-flex border-radius-inherit h-ui-empty-state-container hide-animation style-418 style-local-162-c18 position-relative\">\n                      <!---->\n                      <div class=\"w-100 h-y-container\">\n                        <!---->\n                      <\/div>\n                    <\/div>\n                    <div data-hover=\"\" data-colibri-component=\"link\" data-href=\"\" data-colibri-id=\"162-c19\" class=\"h-content-swap-hover-container animated h-content-swap__hover d-flex border-radius-inherit fadeIn justify-content-lg-center justify-content-md-center justify-content-center style-419 style-local-162-c19 position-relative\"\n                      style=\"display: none;\">\n                      <!---->\n                      <div class=\"w-100 h-y-container align-self-lg-center align-self-md-center align-self-center\">\n                        <!---->\n                        <div data-colibri-id=\"162-c20\" class=\"h-icon style-420 style-local-162-c20 position-relative h-element\">\n                          <!---->\n                          <a href=\"#\" h-use-smooth-scroll=\"true\"><span class=\"h-svg-icon h-icon__icon style-420-icon style-local-162-c20-icon\"><!--Icon by Icons8 Line Awesome (https:\/\/icons8.com\/line-awesome)--><svg version=\"1.1\" xmlns=\"http:\/\/www.w3.org\/2000\/svg\" xmlns:xlink=\"http:\/\/www.w3.org\/1999\/xlink\" id=\"search\" viewBox=\"0 0 512 545.5\"><path d=\"M304 80c88.176 0 160 71.824 160 160s-71.824 160-160 160c-38.32 0-73.41-13.423-101-36L75.5 491.5l-23-23L180 341c-22.577-27.59-36-62.68-36-101 0-88.176 71.824-160 160-160zm0 32c-70.882 0-128 57.118-128 128s57.118 128 128 128 128-57.118 128-128-57.118-128-128-128z\"><\/path><\/svg><\/span><\/a>\n                        <\/div>\n                      <\/div>\n                    <\/div>\n                  <\/div>\n                <\/div>\n              <\/div>\n            <\/div>\n          <\/div>\n          <div class=\"h-column h-column-container d-flex h-col-lg-3 h-col-md-3 h-col-12 style-416-outer style-local-162-c21-outer\">\n            <div data-colibri-id=\"162-c21\" class=\"d-flex h-flex-basis h-column__inner h-px-lg-0 h-px-md-0 h-px-0 v-inner-lg-0 v-inner-md-0 v-inner-0 style-416 style-local-162-c21 position-relative\">\n              <!---->\n              <!---->\n              <div class=\"w-100 h-y-container h-column__content h-column__v-align flex-basis-100 align-self-lg-start align-self-md-start align-self-start\">\n                <!---->\n                <div data-colibri-component=\"content-swap\" data-colibri-id=\"162-c22\" class=\"content-swap style-422 style-local-162-c22 position-relative h-element\">\n                  <!---->\n                  <div class=\"d-flex position-relative border-radius-inherit h-content-swap__overflow\">\n                    <div data-normal=\"\" data-colibri-id=\"162-c23\" class=\"h-content-swap__normal d-flex border-radius-inherit h-ui-empty-state-container hide-animation style-418 style-local-162-c23 position-relative\">\n                      <!---->\n                      <div class=\"w-100 h-y-container\">\n                        <!---->\n                      <\/div>\n                    <\/div>\n                    <div data-hover=\"\" data-colibri-component=\"link\" data-href=\"\" data-colibri-id=\"162-c24\" class=\"h-content-swap-hover-container animated h-content-swap__hover d-flex border-radius-inherit fadeIn justify-content-lg-center justify-content-md-center justify-content-center style-419 style-local-162-c24 position-relative\"\n                      style=\"display: none;\">\n                      <!---->\n                      <div class=\"w-100 h-y-container align-self-lg-center align-self-md-center align-self-center\">\n                        <!---->\n                        <div data-colibri-id=\"162-c25\" class=\"h-icon style-420 style-local-162-c25 position-relative h-element\">\n                          <!---->\n                          <a href=\"#\" h-use-smooth-scroll=\"true\"><span class=\"h-svg-icon h-icon__icon style-420-icon style-local-162-c25-icon\"><!--Icon by Icons8 Line Awesome (https:\/\/icons8.com\/line-awesome)--><svg version=\"1.1\" xmlns=\"http:\/\/www.w3.org\/2000\/svg\" xmlns:xlink=\"http:\/\/www.w3.org\/1999\/xlink\" id=\"search\" viewBox=\"0 0 512 545.5\"><path d=\"M304 80c88.176 0 160 71.824 160 160s-71.824 160-160 160c-38.32 0-73.41-13.423-101-36L75.5 491.5l-23-23L180 341c-22.577-27.59-36-62.68-36-101 0-88.176 71.824-160 160-160zm0 32c-70.882 0-128 57.118-128 128s57.118 128 128 128 128-57.118 128-128-57.118-128-128-128z\"><\/path><\/svg><\/span><\/a>\n                        <\/div>\n                      <\/div>\n                    <\/div>\n                  <\/div>\n                <\/div>\n              <\/div>\n            <\/div>\n          <\/div>\n        <\/div>\n      <\/div>\n    <\/div>\n  <\/div>\n<\/div>","protected":false},"excerpt":{"rendered":"<p>Log\u00edstica En Transportes Alvarado ofrecemos soluciones log\u00edsticas integrales, orientadas a optimizar la gesti\u00f3n y el flujo de carga en cada etapa del proceso. Nuestro enfoque est\u00e1 en coordinar de manera eficiente los servicios de transporte, almacenaje y distribuci\u00f3n, asegurando continuidad operativa y cumplimiento en los tiempos establecidos. Gesti\u00f3n y control de operaciones Contamos con sistemas [&hellip;]<\/p>\n","protected":false},"author":1,"featured_media":0,"parent":0,"menu_order":0,"comment_status":"closed","ping_status":"closed","template":"page-templates\/full-width-page.php","meta":{"pagelayer_contact_templates":[],"_pagelayer_content":"","footnotes":""},"class_list":["post-162","page","type-page","status-publish","hentry"],"_links":{"self":[{"href":"https:\/\/transalvarado.cl\/wpa\/wp-json\/wp\/v2\/pages\/162","targetHints":{"allow":["GET"]}}],"collection":[{"href":"https:\/\/transalvarado.cl\/wpa\/wp-json\/wp\/v2\/pages"}],"about":[{"href":"https:\/\/transalvarado.cl\/wpa\/wp-json\/wp\/v2\/types\/page"}],"author":[{"embeddable":true,"href":"https:\/\/transalvarado.cl\/wpa\/wp-json\/wp\/v2\/users\/1"}],"replies":[{"embeddable":true,"href":"https:\/\/transalvarado.cl\/wpa\/wp-json\/wp\/v2\/comments?post=162"}],"version-history":[{"count":3,"href":"https:\/\/transalvarado.cl\/wpa\/wp-json\/wp\/v2\/pages\/162\/revisions"}],"predecessor-version":[{"id":291,"href":"https:\/\/transalvarado.cl\/wpa\/wp-json\/wp\/v2\/pages\/162\/revisions\/291"}],"wp:attachment":[{"href":"https:\/\/transalvarado.cl\/wpa\/wp-json\/wp\/v2\/media?parent=162"}],"curies":[{"name":"wp","href":"https:\/\/api.w.org\/{rel}","templated":true}]}}