{"id":164,"date":"2026-04-06T21:47:14","date_gmt":"2026-04-06T21:47:14","guid":{"rendered":"https:\/\/transalvarado.cl\/wpa\/?page_id=164"},"modified":"2026-04-07T14:21:51","modified_gmt":"2026-04-07T14:21:51","slug":"almacenaje","status":"publish","type":"page","link":"https:\/\/transalvarado.cl\/wpa\/almacenaje\/","title":{"rendered":"Almacenaje"},"content":{"rendered":"<div data-colibri-id=\"164-c1\" class=\"style-306 style-local-164-c1 position-relative\">\n  <!---->\n  <div data-colibri-component=\"section\" data-colibri-id=\"164-c2\" id=\"custom\" class=\"h-section h-section-global-spacing d-flex align-items-lg-center align-items-md-center align-items-center style-311 style-local-164-c2 position-relative\">\n    <!---->\n    <!---->\n    <div class=\"h-section-grid-container h-section-boxed-container\">\n      <!---->\n      <div data-colibri-id=\"164-c3\" class=\"h-row-container gutters-row-lg-2 gutters-row-md-2 gutters-row-0 gutters-row-v-lg-2 gutters-row-v-md-2 gutters-row-v-2 style-314 style-local-164-c3 position-relative\">\n        <!---->\n        <div class=\"h-row justify-content-lg-center justify-content-md-center justify-content-center align-items-lg-stretch align-items-md-stretch align-items-stretch gutters-col-lg-2 gutters-col-md-2 gutters-col-0 gutters-col-v-lg-2 gutters-col-v-md-2 gutters-col-v-2\">\n          <!---->\n          <div class=\"h-column h-column-container d-flex h-col-lg-auto h-col-md-auto h-col-auto style-315-outer style-local-164-c4-outer\">\n            <div data-colibri-id=\"164-c4\" class=\"d-flex h-flex-basis h-column__inner h-px-lg-2 h-px-md-2 h-px-2 v-inner-lg-2 v-inner-md-2 v-inner-2 style-315 style-local-164-c4 position-relative\">\n              <!---->\n              <!---->\n              <div class=\"w-100 h-y-container h-column__content h-column__v-align flex-basis-100 align-self-lg-start align-self-md-start align-self-start\">\n                <!---->\n                <div data-colibri-id=\"164-c5\" class=\"h-lead h-text h-text-component style-316 style-local-164-c5 position-relative h-element\">\n                  <!---->\n                  <!---->\n                  <div class=\"\">\n                    <p>ALMACENAJE DE CARGA<\/p>\n                  <\/div>\n                <\/div>\n                <div data-colibri-id=\"164-c6\" class=\"h-text h-text-component style-412 style-local-164-c6 position-relative h-element\">\n                  <!---->\n                  <!---->\n                  <div class=\"\">\n                    <p>En Transportes Alvarado contamos con infraestructura especializada para el almacenaje de carga, dise\u00f1ada para responder de manera eficiente a las exigencias del sector log\u00edstico. Nuestras instalaciones se encuentran estrat\u00e9gicamente\n                      ubicadas, lo que nos permite optimizar los tiempos operativos y asegurar continuidad en cada etapa del proceso.<\/p>\n                    <p>\n                      <br>\n                    <\/p>\n                    <h3><strong>Base en Casablanca<\/strong><\/h3>\n                    <p>Disponemos de una superficie de <strong>36.000 m\u00b2<\/strong>, destinada al almacenamiento de distintos tipos de carga, permitiendo manejar grandes vol\u00famenes de manera ordenada y segura. Esta base est\u00e1 orientada a brindar flexibilidad\n                      operativa, facilitando la gesti\u00f3n log\u00edstica de nuestros clientes y adapt\u00e1ndose a sus requerimientos espec\u00edficos.<\/p>\n                    <h3><strong>Base en San Antonio<\/strong><\/h3>\n                    <p>Contamos con una capacidad de <strong>30.000 m\u00b2<\/strong>, ubicada en un punto clave cercano a uno de los principales puertos del pa\u00eds. Esta ubicaci\u00f3n estrat\u00e9gica permite agilizar los procesos de carga y descarga, optimizando la distribuci\u00f3n\n                      y reduciendo tiempos en la cadena log\u00edstica.<\/p>\n                    <p>Nuestras instalaciones est\u00e1n preparadas para el desarrollo de procesos de <strong>consolidaci\u00f3n y desconsolidaci\u00f3n de carga<\/strong>, as\u00ed como para su resguardo y posterior distribuci\u00f3n, integrando nuestros servicios de transporte\n                      y log\u00edstica en una soluci\u00f3n completa. De esta manera, ofrecemos a nuestros clientes una gesti\u00f3n eficiente, segura y centralizada de sus operaciones.<\/p>\n                    <p>\n                      <br>\n                    <\/p>\n                    <h2><strong>Maquinaria y equipamiento<\/strong><\/h2>\n                    <p>Contamos con maquinaria y equipamiento especializado para el manejo eficiente de carga, permitiendo desarrollar operaciones seguras y optimizar los tiempos en cada proceso log\u00edstico.<\/p>\n                    <p>Nuestra infraestructura est\u00e1 orientada al movimiento de distintos tipos de carga, incluyendo operaciones de carga, descarga, consolidaci\u00f3n y desconsolidaci\u00f3n, adapt\u00e1ndonos a los requerimientos espec\u00edficos de cada cliente.<\/p>\n                    <p>Disponemos de equipos adecuados para el manejo de carga pesada y de gran volumen, lo que nos permite asegurar continuidad operativa y altos est\u00e1ndares de eficiencia en cada servicio.<\/p>\n                    <p>\n                      <br>\n                    <\/p>\n                    <h2><strong>\u00bfPor qu\u00e9 elegirnos?<\/strong><\/h2>\n                    <ul>\n                      <li>Amplia capacidad de almacenaje en ubicaciones estrat\u00e9gicas.<\/li>\n                      <li>Presencia operativa en Casablanca y San Antonio.<\/li>\n                      <li>Cercan\u00eda a los principales puertos del pa\u00eds.<\/li>\n                      <li>Integraci\u00f3n con servicios de transporte, log\u00edstica y distribuci\u00f3n.<\/li>\n                      <li>Optimizaci\u00f3n de tiempos y reducci\u00f3n de costos operativos.<\/li>\n                      <li>Servicio seguro, confiable y adaptado a cada cliente.<\/li>\n                    <\/ul>\n                    <p>\n                      <br>\n                    <\/p>\n                  <\/div>\n                <\/div>\n              <\/div>\n            <\/div>\n          <\/div>\n        <\/div>\n      <\/div>\n    <\/div>\n  <\/div>\n  <div data-colibri-component=\"section\" data-colibri-id=\"164-c7\" id=\"portfolio\" class=\"h-section h-section-global-spacing d-flex align-items-lg-center align-items-md-center align-items-center style-317 style-local-164-c7 position-relative\">\n    <!---->\n    <!---->\n    <div class=\"h-section-grid-container h-section-fluid-container\">\n      <!---->\n      <div data-colibri-id=\"164-c8\" class=\"h-row-container gutters-row-lg-0 gutters-row-md-0 gutters-row-0 gutters-row-v-lg-0 gutters-row-v-md-0 gutters-row-v-0 style-318 style-local-164-c8 position-relative\">\n        <!---->\n        <div class=\"h-row justify-content-lg-center justify-content-md-center justify-content-center align-items-lg-stretch align-items-md-stretch align-items-stretch gutters-col-lg-0 gutters-col-md-0 gutters-col-0 gutters-col-v-lg-0 gutters-col-v-md-0 gutters-col-v-0\">\n          <!---->\n          <div class=\"h-column h-column-container d-flex h-col-lg-3 h-col-md-3 h-col-12 style-319-outer style-local-164-c9-outer\">\n            <div data-colibri-id=\"164-c9\" class=\"d-flex h-flex-basis h-column__inner h-px-lg-0 h-px-md-0 h-px-0 v-inner-lg-0 v-inner-md-0 v-inner-0 style-319 style-local-164-c9 position-relative\">\n              <!---->\n              <!---->\n              <div class=\"w-100 h-y-container h-column__content h-column__v-align flex-basis-100 align-self-lg-start align-self-md-start align-self-start\">\n                <!---->\n                <div data-colibri-component=\"content-swap\" data-colibri-id=\"164-c10\" class=\"content-swap style-320 style-local-164-c10 position-relative h-element\">\n                  <!---->\n                  <div class=\"d-flex position-relative border-radius-inherit h-content-swap__overflow\">\n                    <div data-normal=\"\" data-colibri-id=\"164-c11\" class=\"h-content-swap__normal d-flex border-radius-inherit h-ui-empty-state-container hide-animation style-321 style-local-164-c11 position-relative\">\n                      <!---->\n                      <div class=\"w-100 h-y-container\">\n                        <!---->\n                      <\/div>\n                    <\/div>\n                    <div data-hover=\"\" data-colibri-component=\"link\" data-href=\"\" data-colibri-id=\"164-c12\" class=\"h-content-swap-hover-container animated h-content-swap__hover d-flex border-radius-inherit fadeIn justify-content-lg-center justify-content-md-center justify-content-center style-322 style-local-164-c12 position-relative\"\n                      style=\"display: none;\">\n                      <!---->\n                      <div class=\"w-100 h-y-container align-self-lg-center align-self-md-center align-self-center\">\n                        <!---->\n                        <div data-colibri-id=\"164-c13\" class=\"h-icon style-323 style-local-164-c13 position-relative h-element\">\n                          <!---->\n                          <a href=\"#\" h-use-smooth-scroll=\"true\"><span class=\"h-svg-icon h-icon__icon style-323-icon style-local-164-c13-icon\"><!--Icon by Icons8 Line Awesome (https:\/\/icons8.com\/line-awesome)--><svg version=\"1.1\" xmlns=\"http:\/\/www.w3.org\/2000\/svg\" xmlns:xlink=\"http:\/\/www.w3.org\/1999\/xlink\" id=\"search\" viewBox=\"0 0 512 545.5\"><path d=\"M304 80c88.176 0 160 71.824 160 160s-71.824 160-160 160c-38.32 0-73.41-13.423-101-36L75.5 491.5l-23-23L180 341c-22.577-27.59-36-62.68-36-101 0-88.176 71.824-160 160-160zm0 32c-70.882 0-128 57.118-128 128s57.118 128 128 128 128-57.118 128-128-57.118-128-128-128z\"><\/path><\/svg><\/span><\/a>\n                        <\/div>\n                      <\/div>\n                    <\/div>\n                  <\/div>\n                <\/div>\n              <\/div>\n            <\/div>\n          <\/div>\n          <div class=\"h-column h-column-container d-flex h-col-lg-3 h-col-md-3 h-col-12 style-319-outer style-local-164-c14-outer\">\n            <div data-colibri-id=\"164-c14\" class=\"d-flex h-flex-basis h-column__inner h-px-lg-0 h-px-md-0 h-px-0 v-inner-lg-0 v-inner-md-0 v-inner-0 style-319 style-local-164-c14 position-relative\">\n              <!---->\n              <!---->\n              <div class=\"w-100 h-y-container h-column__content h-column__v-align flex-basis-100 align-self-lg-start align-self-md-start align-self-start\">\n                <!---->\n                <div data-colibri-component=\"content-swap\" data-colibri-id=\"164-c15\" class=\"content-swap style-324 style-local-164-c15 position-relative h-element\">\n                  <!---->\n                  <div class=\"d-flex position-relative border-radius-inherit h-content-swap__overflow\">\n                    <div data-normal=\"\" data-colibri-id=\"164-c16\" class=\"h-content-swap__normal d-flex border-radius-inherit h-ui-empty-state-container hide-animation style-321 style-local-164-c16 position-relative\">\n                      <!---->\n                      <div class=\"w-100 h-y-container\">\n                        <!---->\n                      <\/div>\n                    <\/div>\n                    <div data-hover=\"\" data-colibri-component=\"link\" data-href=\"\" data-colibri-id=\"164-c17\" class=\"h-content-swap-hover-container animated h-content-swap__hover d-flex border-radius-inherit fadeIn justify-content-lg-center justify-content-md-center justify-content-center style-322 style-local-164-c17 position-relative\"\n                      style=\"display: none;\">\n                      <!---->\n                      <div class=\"w-100 h-y-container align-self-lg-center align-self-md-center align-self-center\">\n                        <!---->\n                        <div data-colibri-id=\"164-c18\" class=\"h-icon style-323 style-local-164-c18 position-relative h-element\">\n                          <!---->\n                          <a href=\"#\" h-use-smooth-scroll=\"true\"><span class=\"h-svg-icon h-icon__icon style-323-icon style-local-164-c18-icon\"><!--Icon by Icons8 Line Awesome (https:\/\/icons8.com\/line-awesome)--><svg version=\"1.1\" xmlns=\"http:\/\/www.w3.org\/2000\/svg\" xmlns:xlink=\"http:\/\/www.w3.org\/1999\/xlink\" id=\"search\" viewBox=\"0 0 512 545.5\"><path d=\"M304 80c88.176 0 160 71.824 160 160s-71.824 160-160 160c-38.32 0-73.41-13.423-101-36L75.5 491.5l-23-23L180 341c-22.577-27.59-36-62.68-36-101 0-88.176 71.824-160 160-160zm0 32c-70.882 0-128 57.118-128 128s57.118 128 128 128 128-57.118 128-128-57.118-128-128-128z\"><\/path><\/svg><\/span><\/a>\n                        <\/div>\n                      <\/div>\n                    <\/div>\n                  <\/div>\n                <\/div>\n              <\/div>\n            <\/div>\n          <\/div>\n          <div class=\"h-column h-column-container d-flex h-col-lg-3 h-col-md-3 h-col-12 style-319-outer style-local-164-c19-outer\">\n            <div data-colibri-id=\"164-c19\" class=\"d-flex h-flex-basis h-column__inner h-px-lg-0 h-px-md-0 h-px-0 v-inner-lg-0 v-inner-md-0 v-inner-0 style-319 style-local-164-c19 position-relative\">\n              <!---->\n              <!---->\n              <div class=\"w-100 h-y-container h-column__content h-column__v-align flex-basis-100 align-self-lg-start align-self-md-start align-self-start\">\n                <!---->\n                <div data-colibri-component=\"content-swap\" data-colibri-id=\"164-c20\" class=\"content-swap style-325 style-local-164-c20 position-relative h-element\">\n                  <!---->\n                  <div class=\"d-flex position-relative border-radius-inherit h-content-swap__overflow\">\n                    <div data-normal=\"\" data-colibri-id=\"164-c21\" class=\"h-content-swap__normal d-flex border-radius-inherit h-ui-empty-state-container hide-animation style-321 style-local-164-c21 position-relative\">\n                      <!---->\n                      <div class=\"w-100 h-y-container\">\n                        <!---->\n                      <\/div>\n                    <\/div>\n                    <div data-hover=\"\" data-colibri-component=\"link\" data-href=\"\" data-colibri-id=\"164-c22\" class=\"h-content-swap-hover-container animated h-content-swap__hover d-flex border-radius-inherit fadeIn justify-content-lg-center justify-content-md-center justify-content-center style-322 style-local-164-c22 position-relative\"\n                      style=\"display: none;\">\n                      <!---->\n                      <div class=\"w-100 h-y-container align-self-lg-center align-self-md-center align-self-center\">\n                        <!---->\n                        <div data-colibri-id=\"164-c23\" class=\"h-icon style-323 style-local-164-c23 position-relative h-element\">\n                          <!---->\n                          <a href=\"#\" h-use-smooth-scroll=\"true\"><span class=\"h-svg-icon h-icon__icon style-323-icon style-local-164-c23-icon\"><!--Icon by Icons8 Line Awesome (https:\/\/icons8.com\/line-awesome)--><svg version=\"1.1\" xmlns=\"http:\/\/www.w3.org\/2000\/svg\" xmlns:xlink=\"http:\/\/www.w3.org\/1999\/xlink\" id=\"search\" viewBox=\"0 0 512 545.5\"><path d=\"M304 80c88.176 0 160 71.824 160 160s-71.824 160-160 160c-38.32 0-73.41-13.423-101-36L75.5 491.5l-23-23L180 341c-22.577-27.59-36-62.68-36-101 0-88.176 71.824-160 160-160zm0 32c-70.882 0-128 57.118-128 128s57.118 128 128 128 128-57.118 128-128-57.118-128-128-128z\"><\/path><\/svg><\/span><\/a>\n                        <\/div>\n                      <\/div>\n                    <\/div>\n                  <\/div>\n                <\/div>\n              <\/div>\n            <\/div>\n          <\/div>\n          <div class=\"h-column h-column-container d-flex h-col-lg-3 h-col-md-3 h-col-12 style-319-outer style-local-164-c24-outer\">\n            <div data-colibri-id=\"164-c24\" class=\"d-flex h-flex-basis h-column__inner h-px-lg-0 h-px-md-0 h-px-0 v-inner-lg-0 v-inner-md-0 v-inner-0 style-319 style-local-164-c24 position-relative\">\n              <!---->\n              <!---->\n              <div class=\"w-100 h-y-container h-column__content h-column__v-align flex-basis-100 align-self-lg-start align-self-md-start align-self-start\">\n                <!---->\n                <div data-colibri-component=\"content-swap\" data-colibri-id=\"164-c25\" class=\"content-swap style-326 style-local-164-c25 position-relative h-element\">\n                  <!---->\n                  <div class=\"d-flex position-relative border-radius-inherit h-content-swap__overflow\">\n                    <div data-normal=\"\" data-colibri-id=\"164-c26\" class=\"h-content-swap__normal d-flex border-radius-inherit h-ui-empty-state-container hide-animation style-321 style-local-164-c26 position-relative\">\n                      <!---->\n                      <div class=\"w-100 h-y-container\">\n                        <!---->\n                      <\/div>\n                    <\/div>\n                    <div data-hover=\"\" data-colibri-component=\"link\" data-href=\"\" data-colibri-id=\"164-c27\" class=\"h-content-swap-hover-container animated h-content-swap__hover d-flex border-radius-inherit fadeIn justify-content-lg-center justify-content-md-center justify-content-center style-322 style-local-164-c27 position-relative\"\n                      style=\"display: none;\">\n                      <!---->\n                      <div class=\"w-100 h-y-container align-self-lg-center align-self-md-center align-self-center\">\n                        <!---->\n                        <div data-colibri-id=\"164-c28\" class=\"h-icon style-323 style-local-164-c28 position-relative h-element\">\n                          <!---->\n                          <a href=\"#\" h-use-smooth-scroll=\"true\"><span class=\"h-svg-icon h-icon__icon style-323-icon style-local-164-c28-icon\"><!--Icon by Icons8 Line Awesome (https:\/\/icons8.com\/line-awesome)--><svg version=\"1.1\" xmlns=\"http:\/\/www.w3.org\/2000\/svg\" xmlns:xlink=\"http:\/\/www.w3.org\/1999\/xlink\" id=\"search\" viewBox=\"0 0 512 545.5\"><path d=\"M304 80c88.176 0 160 71.824 160 160s-71.824 160-160 160c-38.32 0-73.41-13.423-101-36L75.5 491.5l-23-23L180 341c-22.577-27.59-36-62.68-36-101 0-88.176 71.824-160 160-160zm0 32c-70.882 0-128 57.118-128 128s57.118 128 128 128 128-57.118 128-128-57.118-128-128-128z\"><\/path><\/svg><\/span><\/a>\n                        <\/div>\n                      <\/div>\n                    <\/div>\n                  <\/div>\n                <\/div>\n              <\/div>\n            <\/div>\n          <\/div>\n        <\/div>\n      <\/div>\n    <\/div>\n  <\/div>\n<\/div>","protected":false},"excerpt":{"rendered":"<p>ALMACENAJE DE CARGA En Transportes Alvarado contamos con infraestructura especializada para el almacenaje de carga, dise\u00f1ada para responder de manera eficiente a las exigencias del sector log\u00edstico. Nuestras instalaciones se encuentran estrat\u00e9gicamente ubicadas, lo que nos permite optimizar los tiempos operativos y asegurar continuidad en cada etapa del proceso. Base en Casablanca Disponemos de una [&hellip;]<\/p>\n","protected":false},"author":1,"featured_media":0,"parent":0,"menu_order":0,"comment_status":"closed","ping_status":"closed","template":"page-templates\/full-width-page.php","meta":{"pagelayer_contact_templates":[],"_pagelayer_content":"","footnotes":""},"class_list":["post-164","page","type-page","status-publish","hentry"],"_links":{"self":[{"href":"https:\/\/transalvarado.cl\/wpa\/wp-json\/wp\/v2\/pages\/164","targetHints":{"allow":["GET"]}}],"collection":[{"href":"https:\/\/transalvarado.cl\/wpa\/wp-json\/wp\/v2\/pages"}],"about":[{"href":"https:\/\/transalvarado.cl\/wpa\/wp-json\/wp\/v2\/types\/page"}],"author":[{"embeddable":true,"href":"https:\/\/transalvarado.cl\/wpa\/wp-json\/wp\/v2\/users\/1"}],"replies":[{"embeddable":true,"href":"https:\/\/transalvarado.cl\/wpa\/wp-json\/wp\/v2\/comments?post=164"}],"version-history":[{"count":4,"href":"https:\/\/transalvarado.cl\/wpa\/wp-json\/wp\/v2\/pages\/164\/revisions"}],"predecessor-version":[{"id":308,"href":"https:\/\/transalvarado.cl\/wpa\/wp-json\/wp\/v2\/pages\/164\/revisions\/308"}],"wp:attachment":[{"href":"https:\/\/transalvarado.cl\/wpa\/wp-json\/wp\/v2\/media?parent=164"}],"curies":[{"name":"wp","href":"https:\/\/api.w.org\/{rel}","templated":true}]}}