{"id":168,"date":"2026-04-06T21:48:02","date_gmt":"2026-04-06T21:48:02","guid":{"rendered":"https:\/\/transalvarado.cl\/wpa\/?page_id=168"},"modified":"2026-04-07T15:06:37","modified_gmt":"2026-04-07T15:06:37","slug":"nosotros-2","status":"publish","type":"page","link":"https:\/\/transalvarado.cl\/wpa\/nosotros-2\/","title":{"rendered":"Nosotros"},"content":{"rendered":"<div data-colibri-id=\"168-c1\" class=\"style-423 style-local-168-c1 position-relative\">\n  <!---->\n  <div data-colibri-component=\"section\" data-colibri-id=\"168-c2\" id=\"custom\" class=\"h-section h-section-global-spacing d-flex align-items-lg-center align-items-md-center align-items-center style-424 style-local-168-c2 position-relative\">\n    <!---->\n    <!---->\n    <div class=\"h-section-grid-container h-section-boxed-container\">\n      <!---->\n      <div data-colibri-id=\"168-c3\" class=\"h-row-container gutters-row-lg-2 gutters-row-md-2 gutters-row-0 gutters-row-v-lg-2 gutters-row-v-md-2 gutters-row-v-2 style-427 style-local-168-c3 position-relative\">\n        <!---->\n        <div class=\"h-row justify-content-lg-center justify-content-md-center justify-content-center align-items-lg-stretch align-items-md-stretch align-items-stretch gutters-col-lg-2 gutters-col-md-2 gutters-col-0 gutters-col-v-lg-2 gutters-col-v-md-2 gutters-col-v-2\">\n          <!---->\n          <div class=\"h-column h-column-container d-flex h-col-lg-auto h-col-md-auto h-col-auto style-428-outer style-local-168-c4-outer\">\n            <div data-colibri-id=\"168-c4\" class=\"d-flex h-flex-basis h-column__inner h-px-lg-2 h-px-md-2 h-px-2 v-inner-lg-2 v-inner-md-2 v-inner-2 style-428 style-local-168-c4 position-relative\">\n              <!---->\n              <!---->\n              <div class=\"w-100 h-y-container h-column__content h-column__v-align flex-basis-100 align-self-lg-start align-self-md-start align-self-start\">\n                <!---->\n                <div data-colibri-id=\"168-c5\" class=\"h-lead h-text h-text-component style-429 style-local-168-c5 position-relative h-element\">\n                  <!---->\n                  <!---->\n                  <div class=\"\">\n                    <p>Nosotros<\/p>\n                  <\/div>\n                <\/div>\n              <\/div>\n            <\/div>\n          <\/div>\n        <\/div>\n      <\/div>\n      <div data-colibri-id=\"168-c6\" class=\"h-row-container gutters-row-lg-2 gutters-row-md-2 gutters-row-0 gutters-row-v-lg-2 gutters-row-v-md-2 gutters-row-v-2 style-430 style-local-168-c6 position-relative\">\n        <!---->\n        <div class=\"h-row justify-content-lg-center justify-content-md-center justify-content-center align-items-lg-stretch align-items-md-stretch align-items-stretch gutters-col-lg-2 gutters-col-md-2 gutters-col-0 gutters-col-v-lg-2 gutters-col-v-md-2 gutters-col-v-2\">\n          <!---->\n          <div class=\"h-column h-column-container d-flex h-col-lg-auto h-col-md-auto h-col-auto style-431-outer style-local-168-c7-outer\">\n            <div data-colibri-id=\"168-c7\" class=\"d-flex h-flex-basis h-column__inner h-px-lg-2 h-px-md-2 h-px-2 v-inner-lg-2 v-inner-md-2 v-inner-2 style-431 style-local-168-c7 position-relative\">\n              <!---->\n              <!---->\n              <div class=\"w-100 h-y-container h-column__content h-column__v-align flex-basis-100 align-self-lg-start align-self-md-start align-self-start\">\n                <!---->\n                <div data-colibri-id=\"168-c8\" class=\"h-lead h-text h-text-component style-432 style-local-168-c8 position-relative h-element\">\n                  <!---->\n                  <!---->\n                  <div class=\"\">\n                    <p>Transportes Alvarado SpA es una empresa dedicada al transporte de carga y soluciones log\u00edsticas integrales, orientada a entregar un servicio eficiente, seguro y confiable a lo largo de todo el territorio nacional.<\/p>\n                    <p>Contamos con una flota de m\u00e1s de 50 camiones en constante operaci\u00f3n y cobertura a nivel nacional, lo que nos permite responder de manera \u00e1gil a los requerimientos de nuestros clientes, conectando los principales puertos del pa\u00eds con\n                      distintos destinos.<\/p>\n                    <p>Nuestra casa matriz se encuentra en la comuna de Casablanca, desde donde gestionamos nuestras operaciones, complementadas con bases operativas en Casablanca y San Antonio, ubicaciones estrat\u00e9gicas que nos permiten optimizar los procesos\n                      log\u00edsticos y asegurar continuidad en cada servicio.<\/p>\n                    <p>Con m\u00e1s de 40 a\u00f1os de experiencia en el rubro, hemos consolidado una operaci\u00f3n s\u00f3lida, basada en el compromiso, la responsabilidad y la mejora continua, adapt\u00e1ndonos a las exigencias del sector y a las necesidades espec\u00edficas de cada\n                      cliente.<\/p>\n                    <p>En Transportes Alvarado SpA trabajamos para ser un aliado estrat\u00e9gico en la cadena log\u00edstica, integrando servicios de transporte, almacenaje y log\u00edstica, con el objetivo de simplificar la operaci\u00f3n de nuestros clientes y aportar eficiencia\n                      en cada etapa del proceso.<\/p>\n                  <\/div>\n                <\/div>\n              <\/div>\n            <\/div>\n          <\/div>\n        <\/div>\n      <\/div>\n    <\/div>\n  <\/div>\n  <div data-colibri-component=\"section\" data-colibri-id=\"168-c9\" id=\"about\" class=\"h-section h-section-global-spacing d-flex align-items-lg-center align-items-md-center align-items-center style-433 style-local-168-c9 position-relative\">\n    <!---->\n    <!---->\n    <div class=\"h-section-grid-container h-section-boxed-container\">\n      <div data-colibri-id=\"168-c14\" class=\"h-row-container gutters-row-lg-2 gutters-row-md-2 gutters-row-2 gutters-row-v-lg-2 gutters-row-v-md-2 gutters-row-v-2 style-438 style-local-168-c14 position-relative\">\n        <!---->\n        <div class=\"h-row justify-content-lg-center justify-content-md-center justify-content-center align-items-lg-stretch align-items-md-stretch align-items-stretch gutters-col-lg-2 gutters-col-md-2 gutters-col-2 gutters-col-v-lg-2 gutters-col-v-md-2 gutters-col-v-2\">\n          <!---->\n          <div class=\"h-column h-column-container d-flex h-col-lg-auto h-col-md-auto h-col-auto style-439-outer style-local-168-c15-outer\">\n            <div data-colibri-id=\"168-c15\" class=\"d-flex h-flex-basis h-column__inner h-px-lg-2 h-px-md-2 h-px-2 v-inner-lg-2 v-inner-md-2 v-inner-2 style-439 style-local-168-c15 position-relative\">\n              <!---->\n              <!---->\n              <div class=\"w-100 h-y-container h-column__content h-column__v-align flex-basis-100 align-self-lg-start align-self-md-start align-self-start\">\n                <!---->\n                <div data-colibri-id=\"168-c16\" class=\"h-global-transition-all h-heading style-441 style-local-168-c16 position-relative h-element\">\n                  <!---->\n                  <div class=\"h-heading__outer style-441 style-local-168-c16\">\n                    <!---->\n                    <!---->\n                    <h2 class=\"\">Conoce m\u00e1s sobre nuestra historia<\/h2>\n                  <\/div>\n                <\/div>\n                <div data-colibri-id=\"168-c17\" class=\"h-x-container style-443 style-local-168-c17 position-relative h-element\">\n                  <!---->\n                  <div class=\"h-x-container-inner style-dynamic-168-c17-group style-443-spacing style-local-168-c17-spacing\"><span class=\"h-button__outer style-444-outer style-local-168-c18-outer d-inline-flex h-element\"><a h-use-smooth-scroll=\"true\" href=\"https:\/\/transalvarado.cl\/wpa\/nuestra-historia\/\"  data-colibri-id=\"168-c18\" class=\"d-flex w-100 align-items-center h-button justify-content-lg-center justify-content-md-center justify-content-center style-444 style-local-168-c18 position-relative\"><!----><!----> <span>Ir a Historia<\/span><\/a>\n                    <\/span>\n                  <\/div>\n                <\/div>\n              <\/div>\n            <\/div>\n          <\/div>\n        <\/div>\n      <\/div>\n      <div data-colibri-id=\"168-c10\" class=\"h-row-container gutters-row-lg-0 gutters-row-md-0 gutters-row-0 gutters-row-v-lg-0 gutters-row-v-md-0 gutters-row-v-0 style-434 style-local-168-c10 h-overflow-hidden position-relative\">\n        <!---->\n        <div class=\"h-row justify-content-lg-center justify-content-md-center justify-content-center align-items-lg-end align-items-md-end align-items-end gutters-col-lg-0 gutters-col-md-0 gutters-col-0 gutters-col-v-lg-0 gutters-col-v-md-0 gutters-col-v-0\">\n          <!---->\n          <div class=\"h-column h-column-container d-flex h-col-lg-auto h-col-md-auto h-col-auto align-self-lg-end align-self-md-end align-self-end style-435-outer style-local-168-c11-outer\">\n            <div data-colibri-id=\"168-c11\" class=\"d-flex h-flex-basis h-column__inner h-ui-empty-state-container h-px-lg-0 h-px-md-0 h-px-0 v-inner-lg-0 v-inner-md-0 v-inner-0 style-435 style-local-168-c11 position-relative\">\n              <!---->\n              <!---->\n              <div class=\"w-100 h-y-container h-column__content h-column__v-align flex-basis-100\">\n                <!---->\n              <\/div>\n            <\/div>\n          <\/div>\n          <div class=\"h-column h-column-container d-flex h-col-lg-auto h-col-md-auto h-col-auto align-self-lg-end align-self-md-end align-self-end style-436-outer style-local-168-c12-outer\">\n            <div data-colibri-id=\"168-c12\" class=\"d-flex h-flex-basis h-column__inner h-ui-empty-state-container h-px-lg-0 h-px-md-0 h-px-0 v-inner-lg-0 v-inner-md-0 v-inner-0 style-436 style-local-168-c12 position-relative\">\n              <!---->\n              <!---->\n              <div class=\"w-100 h-y-container h-column__content h-column__v-align flex-basis-100\">\n                <!---->\n              <\/div>\n            <\/div>\n          <\/div>\n          <div class=\"h-column h-column-container d-flex h-col-lg-auto h-col-md-auto h-col-auto align-self-lg-end align-self-md-end align-self-end style-437-outer style-local-168-c13-outer\">\n            <div data-colibri-id=\"168-c13\" class=\"d-flex h-flex-basis h-column__inner h-ui-empty-state-container h-px-lg-0 h-px-md-0 h-px-0 v-inner-lg-0 v-inner-md-0 v-inner-0 style-437 style-local-168-c13 position-relative\">\n              <!---->\n              <!---->\n              <div class=\"w-100 h-y-container h-column__content h-column__v-align flex-basis-100\">\n                <!---->\n              <\/div>\n            <\/div>\n          <\/div>\n        <\/div>\n      <\/div>\n    <\/div>\n  <\/div>\n<\/div>","protected":false},"excerpt":{"rendered":"<p>Nosotros Transportes Alvarado SpA es una empresa dedicada al transporte de carga y soluciones log\u00edsticas integrales, orientada a entregar un servicio eficiente, seguro y confiable a lo largo de todo el territorio nacional. Contamos con una flota de m\u00e1s de 50 camiones en constante operaci\u00f3n y cobertura a nivel nacional, lo que nos permite responder [&hellip;]<\/p>\n","protected":false},"author":1,"featured_media":0,"parent":0,"menu_order":0,"comment_status":"closed","ping_status":"closed","template":"page-templates\/full-width-page.php","meta":{"pagelayer_contact_templates":[],"_pagelayer_content":"","footnotes":""},"class_list":["post-168","page","type-page","status-publish","hentry"],"_links":{"self":[{"href":"https:\/\/transalvarado.cl\/wpa\/wp-json\/wp\/v2\/pages\/168","targetHints":{"allow":["GET"]}}],"collection":[{"href":"https:\/\/transalvarado.cl\/wpa\/wp-json\/wp\/v2\/pages"}],"about":[{"href":"https:\/\/transalvarado.cl\/wpa\/wp-json\/wp\/v2\/types\/page"}],"author":[{"embeddable":true,"href":"https:\/\/transalvarado.cl\/wpa\/wp-json\/wp\/v2\/users\/1"}],"replies":[{"embeddable":true,"href":"https:\/\/transalvarado.cl\/wpa\/wp-json\/wp\/v2\/comments?post=168"}],"version-history":[{"count":3,"href":"https:\/\/transalvarado.cl\/wpa\/wp-json\/wp\/v2\/pages\/168\/revisions"}],"predecessor-version":[{"id":332,"href":"https:\/\/transalvarado.cl\/wpa\/wp-json\/wp\/v2\/pages\/168\/revisions\/332"}],"wp:attachment":[{"href":"https:\/\/transalvarado.cl\/wpa\/wp-json\/wp\/v2\/media?parent=168"}],"curies":[{"name":"wp","href":"https:\/\/api.w.org\/{rel}","templated":true}]}}