{"id":174,"date":"2026-04-06T21:49:08","date_gmt":"2026-04-06T21:49:08","guid":{"rendered":"https:\/\/transalvarado.cl\/wpa\/?page_id=174"},"modified":"2026-04-07T15:04:30","modified_gmt":"2026-04-07T15:04:30","slug":"nuestra-historia","status":"publish","type":"page","link":"https:\/\/transalvarado.cl\/wpa\/nuestra-historia\/","title":{"rendered":"Nuestra historia"},"content":{"rendered":"<div data-colibri-id=\"174-c1\" class=\"style-445 style-local-174-c1 position-relative\">\n  <!---->\n  <div data-colibri-component=\"section\" data-colibri-id=\"174-c2\" id=\"custom\" class=\"h-section h-section-global-spacing d-flex align-items-lg-center align-items-md-center align-items-center style-446 style-local-174-c2 position-relative\">\n    <!---->\n    <!---->\n    <div class=\"h-section-grid-container h-section-boxed-container\">\n      <!---->\n      <div data-colibri-id=\"174-c5\" class=\"h-row-container gutters-row-lg-2 gutters-row-md-2 gutters-row-0 gutters-row-v-lg-2 gutters-row-v-md-2 gutters-row-v-2 style-449 style-local-174-c5 position-relative\">\n        <!---->\n        <div class=\"h-row justify-content-lg-center justify-content-md-center justify-content-center align-items-lg-stretch align-items-md-stretch align-items-stretch gutters-col-lg-2 gutters-col-md-2 gutters-col-0 gutters-col-v-lg-2 gutters-col-v-md-2 gutters-col-v-2\">\n          <!---->\n          <div class=\"h-column h-column-container d-flex h-col-lg-auto h-col-md-auto h-col-auto style-450-outer style-local-174-c6-outer\">\n            <div data-colibri-id=\"174-c6\" class=\"d-flex h-flex-basis h-column__inner h-px-lg-2 h-px-md-2 h-px-2 v-inner-lg-2 v-inner-md-2 v-inner-2 style-450 style-local-174-c6 position-relative\">\n              <!---->\n              <!---->\n              <div class=\"w-100 h-y-container h-column__content h-column__v-align flex-basis-100 align-self-lg-start align-self-md-start align-self-start\">\n                <!---->\n                <div data-colibri-id=\"174-c7\" class=\"h-text h-text-component style-451 style-local-174-c7 position-relative h-element\">\n                  <!---->\n                  <!---->\n                  <div class=\"\">\n                    <h2><strong>Nuestra historia<\/strong>\n                      <br>\n                      <br>\n                    <\/h2>\n                    <p>La historia de Transportes Alvarado se remonta a toda una vida ligada al rubro del transporte, iniciada por Don Jorge Alvarado Smith, quien dej\u00f3 como legado a sus hijos, Juan Carlos y Jorge Alvarado.<\/p>\n                    <p>Desde muy j\u00f3venes, ambos se desempe\u00f1aron como conductores de camiones, adquiriendo experiencia directa en el sector y desarrollando un profundo conocimiento de la operaci\u00f3n. Con esfuerzo, dedicaci\u00f3n y una visi\u00f3n clara de crecimiento,\n                      a comienzos de la d\u00e9cada de los a\u00f1os 80 dieron un paso clave al adquirir su primer cami\u00f3n, un Pegaso 2020, marcando as\u00ed el inicio de lo que ser\u00eda su propio camino empresarial.<\/p>\n                    <p>A partir de ese momento, y mediante un crecimiento sostenido, fueron consolidando una operaci\u00f3n cada vez m\u00e1s s\u00f3lida, ampliando su capacidad y posicion\u00e1ndose como una empresa reconocida en la comuna de Casablanca y en la Regi\u00f3n de Valpara\u00edso.<\/p>\n                    <p>Hoy, Transportes Alvarado SpA cuenta con una flota de m\u00e1s de 50 camiones, cobertura a nivel nacional y bases operativas en Casablanca y San Antonio, ofreciendo soluciones integrales de transporte, log\u00edstica y almacenaje.<\/p>\n                    <p>Con m\u00e1s de 40 a\u00f1os de experiencia en el rubro, la empresa contin\u00faa proyect\u00e1ndose hacia el futuro, manteniendo los valores que le dieron origen: compromiso, esfuerzo y responsabilidad, adapt\u00e1ndose a las nuevas exigencias del sector\n                      y a las necesidades de sus clientes.<\/p>\n                  <\/div>\n                <\/div>\n              <\/div>\n            <\/div>\n          <\/div>\n        <\/div>\n      <\/div>\n    <\/div>\n  <\/div>\n  <div data-colibri-component=\"section\" data-colibri-id=\"174-c8\" id=\"portfolio\" class=\"h-section h-section-global-spacing d-flex align-items-lg-center align-items-md-center align-items-center style-452 style-local-174-c8 position-relative\">\n    <!---->\n    <!---->\n    <div class=\"h-section-grid-container h-section-fluid-container\">\n      <!---->\n      <div data-colibri-id=\"174-c9\" class=\"h-row-container gutters-row-lg-0 gutters-row-md-0 gutters-row-0 gutters-row-v-lg-0 gutters-row-v-md-0 gutters-row-v-0 style-453 style-local-174-c9 position-relative\">\n        <!---->\n        <div class=\"h-row justify-content-lg-center justify-content-md-center justify-content-center align-items-lg-stretch align-items-md-stretch align-items-stretch gutters-col-lg-0 gutters-col-md-0 gutters-col-0 gutters-col-v-lg-0 gutters-col-v-md-0 gutters-col-v-0\">\n          <!---->\n          <div class=\"h-column h-column-container d-flex h-col-lg-3 h-col-md-3 h-col-12 style-454-outer style-local-174-c10-outer\">\n            <div data-colibri-id=\"174-c10\" class=\"d-flex h-flex-basis h-column__inner h-px-lg-0 h-px-md-0 h-px-0 v-inner-lg-0 v-inner-md-0 v-inner-0 style-454 style-local-174-c10 position-relative\">\n              <!---->\n              <!---->\n              <div class=\"w-100 h-y-container h-column__content h-column__v-align flex-basis-100 align-self-lg-start align-self-md-start align-self-start\">\n                <!---->\n                <div data-colibri-component=\"content-swap\" data-colibri-id=\"174-c11\" class=\"content-swap style-455 style-local-174-c11 position-relative h-element\">\n                  <!---->\n                  <div class=\"d-flex position-relative border-radius-inherit h-content-swap__overflow\">\n                    <div data-normal=\"\" data-colibri-id=\"174-c12\" class=\"h-content-swap__normal d-flex border-radius-inherit h-ui-empty-state-container hide-animation style-456 style-local-174-c12 position-relative\">\n                      <!---->\n                      <div class=\"w-100 h-y-container\">\n                        <!---->\n                      <\/div>\n                    <\/div>\n                    <div data-hover=\"\" data-colibri-component=\"link\" data-href=\"\" data-colibri-id=\"174-c13\" class=\"h-content-swap-hover-container animated h-content-swap__hover d-flex border-radius-inherit fadeIn justify-content-lg-center justify-content-md-center justify-content-center style-457 style-local-174-c13 position-relative\"\n                      style=\"display: none;\">\n                      <!---->\n                      <div class=\"w-100 h-y-container align-self-lg-center align-self-md-center align-self-center\">\n                        <!---->\n                        <div data-colibri-id=\"174-c14\" class=\"h-icon style-458 style-local-174-c14 position-relative h-element\">\n                          <!---->\n                          <a href=\"#\" h-use-smooth-scroll=\"true\"><span class=\"h-svg-icon h-icon__icon style-458-icon style-local-174-c14-icon\"><!--Icon by Icons8 Line Awesome (https:\/\/icons8.com\/line-awesome)--><svg version=\"1.1\" xmlns=\"http:\/\/www.w3.org\/2000\/svg\" xmlns:xlink=\"http:\/\/www.w3.org\/1999\/xlink\" id=\"search\" viewBox=\"0 0 512 545.5\"><path d=\"M304 80c88.176 0 160 71.824 160 160s-71.824 160-160 160c-38.32 0-73.41-13.423-101-36L75.5 491.5l-23-23L180 341c-22.577-27.59-36-62.68-36-101 0-88.176 71.824-160 160-160zm0 32c-70.882 0-128 57.118-128 128s57.118 128 128 128 128-57.118 128-128-57.118-128-128-128z\"><\/path><\/svg><\/span><\/a>\n                        <\/div>\n                      <\/div>\n                    <\/div>\n                  <\/div>\n                <\/div>\n              <\/div>\n            <\/div>\n          <\/div>\n          <div class=\"h-column h-column-container d-flex h-col-lg-3 h-col-md-3 h-col-12 style-454-outer style-local-174-c15-outer\">\n            <div data-colibri-id=\"174-c15\" class=\"d-flex h-flex-basis h-column__inner h-px-lg-0 h-px-md-0 h-px-0 v-inner-lg-0 v-inner-md-0 v-inner-0 style-454 style-local-174-c15 position-relative\">\n              <!---->\n              <!---->\n              <div class=\"w-100 h-y-container h-column__content h-column__v-align flex-basis-100 align-self-lg-start align-self-md-start align-self-start\">\n                <!---->\n                <div data-colibri-component=\"content-swap\" data-colibri-id=\"174-c16\" class=\"content-swap style-459 style-local-174-c16 position-relative h-element\">\n                  <!---->\n                  <div class=\"d-flex position-relative border-radius-inherit h-content-swap__overflow\">\n                    <div data-normal=\"\" data-colibri-id=\"174-c17\" class=\"h-content-swap__normal d-flex border-radius-inherit h-ui-empty-state-container hide-animation style-456 style-local-174-c17 position-relative\">\n                      <!---->\n                      <div class=\"w-100 h-y-container\">\n                        <!---->\n                      <\/div>\n                    <\/div>\n                    <div data-hover=\"\" data-colibri-component=\"link\" data-href=\"\" data-colibri-id=\"174-c18\" class=\"h-content-swap-hover-container animated h-content-swap__hover d-flex border-radius-inherit fadeIn justify-content-lg-center justify-content-md-center justify-content-center style-457 style-local-174-c18 position-relative\"\n                      style=\"display: none;\">\n                      <!---->\n                      <div class=\"w-100 h-y-container align-self-lg-center align-self-md-center align-self-center\">\n                        <!---->\n                        <div data-colibri-id=\"174-c19\" class=\"h-icon style-458 style-local-174-c19 position-relative h-element\">\n                          <!---->\n                          <a href=\"#\" h-use-smooth-scroll=\"true\"><span class=\"h-svg-icon h-icon__icon style-458-icon style-local-174-c19-icon\"><!--Icon by Icons8 Line Awesome (https:\/\/icons8.com\/line-awesome)--><svg version=\"1.1\" xmlns=\"http:\/\/www.w3.org\/2000\/svg\" xmlns:xlink=\"http:\/\/www.w3.org\/1999\/xlink\" id=\"search\" viewBox=\"0 0 512 545.5\"><path d=\"M304 80c88.176 0 160 71.824 160 160s-71.824 160-160 160c-38.32 0-73.41-13.423-101-36L75.5 491.5l-23-23L180 341c-22.577-27.59-36-62.68-36-101 0-88.176 71.824-160 160-160zm0 32c-70.882 0-128 57.118-128 128s57.118 128 128 128 128-57.118 128-128-57.118-128-128-128z\"><\/path><\/svg><\/span><\/a>\n                        <\/div>\n                      <\/div>\n                    <\/div>\n                  <\/div>\n                <\/div>\n              <\/div>\n            <\/div>\n          <\/div>\n          <div class=\"h-column h-column-container d-flex h-col-lg-3 h-col-md-3 h-col-12 style-454-outer style-local-174-c20-outer\">\n            <div data-colibri-id=\"174-c20\" class=\"d-flex h-flex-basis h-column__inner h-px-lg-0 h-px-md-0 h-px-0 v-inner-lg-0 v-inner-md-0 v-inner-0 style-454 style-local-174-c20 position-relative\">\n              <!---->\n              <!---->\n              <div class=\"w-100 h-y-container h-column__content h-column__v-align flex-basis-100 align-self-lg-start align-self-md-start align-self-start\">\n                <!---->\n                <div data-colibri-component=\"content-swap\" data-colibri-id=\"174-c21\" class=\"content-swap style-460 style-local-174-c21 position-relative h-element\">\n                  <!---->\n                  <div class=\"d-flex position-relative border-radius-inherit h-content-swap__overflow\">\n                    <div data-normal=\"\" data-colibri-id=\"174-c22\" class=\"h-content-swap__normal d-flex border-radius-inherit h-ui-empty-state-container hide-animation style-456 style-local-174-c22 position-relative\">\n                      <!---->\n                      <div class=\"w-100 h-y-container\">\n                        <!---->\n                      <\/div>\n                    <\/div>\n                    <div data-hover=\"\" data-colibri-component=\"link\" data-href=\"\" data-colibri-id=\"174-c23\" class=\"h-content-swap-hover-container animated h-content-swap__hover d-flex border-radius-inherit fadeIn justify-content-lg-center justify-content-md-center justify-content-center style-457 style-local-174-c23 position-relative\"\n                      style=\"display: none;\">\n                      <!---->\n                      <div class=\"w-100 h-y-container align-self-lg-center align-self-md-center align-self-center\">\n                        <!---->\n                        <div data-colibri-id=\"174-c24\" class=\"h-icon style-458 style-local-174-c24 position-relative h-element\">\n                          <!---->\n                          <a href=\"#\" h-use-smooth-scroll=\"true\"><span class=\"h-svg-icon h-icon__icon style-458-icon style-local-174-c24-icon\"><!--Icon by Icons8 Line Awesome (https:\/\/icons8.com\/line-awesome)--><svg version=\"1.1\" xmlns=\"http:\/\/www.w3.org\/2000\/svg\" xmlns:xlink=\"http:\/\/www.w3.org\/1999\/xlink\" id=\"search\" viewBox=\"0 0 512 545.5\"><path d=\"M304 80c88.176 0 160 71.824 160 160s-71.824 160-160 160c-38.32 0-73.41-13.423-101-36L75.5 491.5l-23-23L180 341c-22.577-27.59-36-62.68-36-101 0-88.176 71.824-160 160-160zm0 32c-70.882 0-128 57.118-128 128s57.118 128 128 128 128-57.118 128-128-57.118-128-128-128z\"><\/path><\/svg><\/span><\/a>\n                        <\/div>\n                      <\/div>\n                    <\/div>\n                  <\/div>\n                <\/div>\n              <\/div>\n            <\/div>\n          <\/div>\n          <div class=\"h-column h-column-container d-flex h-col-lg-3 h-col-md-3 h-col-12 style-454-outer style-local-174-c25-outer\">\n            <div data-colibri-id=\"174-c25\" class=\"d-flex h-flex-basis h-column__inner h-px-lg-0 h-px-md-0 h-px-0 v-inner-lg-0 v-inner-md-0 v-inner-0 style-454 style-local-174-c25 position-relative\">\n              <!---->\n              <!---->\n              <div class=\"w-100 h-y-container h-column__content h-column__v-align flex-basis-100 align-self-lg-start align-self-md-start align-self-start\">\n                <!---->\n                <div data-colibri-component=\"content-swap\" data-colibri-id=\"174-c26\" class=\"content-swap style-461 style-local-174-c26 position-relative h-element\">\n                  <!---->\n                  <div class=\"d-flex position-relative border-radius-inherit h-content-swap__overflow\">\n                    <div data-normal=\"\" data-colibri-id=\"174-c27\" class=\"h-content-swap__normal d-flex border-radius-inherit h-ui-empty-state-container hide-animation style-456 style-local-174-c27 position-relative\">\n                      <!---->\n                      <div class=\"w-100 h-y-container\">\n                        <!---->\n                      <\/div>\n                    <\/div>\n                    <div data-hover=\"\" data-colibri-component=\"link\" data-href=\"\" data-colibri-id=\"174-c28\" class=\"h-content-swap-hover-container animated h-content-swap__hover d-flex border-radius-inherit fadeIn justify-content-lg-center justify-content-md-center justify-content-center style-457 style-local-174-c28 position-relative\"\n                      style=\"display: none;\">\n                      <!---->\n                      <div class=\"w-100 h-y-container align-self-lg-center align-self-md-center align-self-center\">\n                        <!---->\n                        <div data-colibri-id=\"174-c29\" class=\"h-icon style-458 style-local-174-c29 position-relative h-element\">\n                          <!---->\n                          <a href=\"#\" h-use-smooth-scroll=\"true\"><span class=\"h-svg-icon h-icon__icon style-458-icon style-local-174-c29-icon\"><!--Icon by Icons8 Line Awesome (https:\/\/icons8.com\/line-awesome)--><svg version=\"1.1\" xmlns=\"http:\/\/www.w3.org\/2000\/svg\" xmlns:xlink=\"http:\/\/www.w3.org\/1999\/xlink\" id=\"search\" viewBox=\"0 0 512 545.5\"><path d=\"M304 80c88.176 0 160 71.824 160 160s-71.824 160-160 160c-38.32 0-73.41-13.423-101-36L75.5 491.5l-23-23L180 341c-22.577-27.59-36-62.68-36-101 0-88.176 71.824-160 160-160zm0 32c-70.882 0-128 57.118-128 128s57.118 128 128 128 128-57.118 128-128-57.118-128-128-128z\"><\/path><\/svg><\/span><\/a>\n                        <\/div>\n                      <\/div>\n                    <\/div>\n                  <\/div>\n                <\/div>\n              <\/div>\n            <\/div>\n          <\/div>\n        <\/div>\n      <\/div>\n    <\/div>\n  <\/div>\n<\/div>","protected":false},"excerpt":{"rendered":"<p>Nuestra historia La historia de Transportes Alvarado se remonta a toda una vida ligada al rubro del transporte, iniciada por Don Jorge Alvarado Smith, quien dej\u00f3 como legado a sus hijos, Juan Carlos y Jorge Alvarado. Desde muy j\u00f3venes, ambos se desempe\u00f1aron como conductores de camiones, adquiriendo experiencia directa en el sector y desarrollando un [&hellip;]<\/p>\n","protected":false},"author":1,"featured_media":0,"parent":0,"menu_order":0,"comment_status":"closed","ping_status":"closed","template":"page-templates\/full-width-page.php","meta":{"pagelayer_contact_templates":[],"_pagelayer_content":"","footnotes":""},"class_list":["post-174","page","type-page","status-publish","hentry"],"_links":{"self":[{"href":"https:\/\/transalvarado.cl\/wpa\/wp-json\/wp\/v2\/pages\/174","targetHints":{"allow":["GET"]}}],"collection":[{"href":"https:\/\/transalvarado.cl\/wpa\/wp-json\/wp\/v2\/pages"}],"about":[{"href":"https:\/\/transalvarado.cl\/wpa\/wp-json\/wp\/v2\/types\/page"}],"author":[{"embeddable":true,"href":"https:\/\/transalvarado.cl\/wpa\/wp-json\/wp\/v2\/users\/1"}],"replies":[{"embeddable":true,"href":"https:\/\/transalvarado.cl\/wpa\/wp-json\/wp\/v2\/comments?post=174"}],"version-history":[{"count":2,"href":"https:\/\/transalvarado.cl\/wpa\/wp-json\/wp\/v2\/pages\/174\/revisions"}],"predecessor-version":[{"id":323,"href":"https:\/\/transalvarado.cl\/wpa\/wp-json\/wp\/v2\/pages\/174\/revisions\/323"}],"wp:attachment":[{"href":"https:\/\/transalvarado.cl\/wpa\/wp-json\/wp\/v2\/media?parent=174"}],"curies":[{"name":"wp","href":"https:\/\/api.w.org\/{rel}","templated":true}]}}